{"id":16891,"date":"2017-07-11T06:53:12","date_gmt":"2017-07-11T06:53:12","guid":{"rendered":"http:\/\/www.campingclaudia.it\/malcesine\/info-booking\/"},"modified":"2022-05-27T14:13:16","modified_gmt":"2022-05-27T14:13:16","slug":"info-booking","status":"publish","type":"page","link":"https:\/\/www.campingclaudia.it\/malcesine\/de\/info-booking\/","title":{"rendered":"Info &#038; Booking"},"content":{"rendered":"<p>[vc_row row_type=&#8221;row&#8221; use_row_as_full_screen_section=&#8221;no&#8221; type=&#8221;full_width&#8221; angled_section=&#8221;no&#8221; text_align=&#8221;left&#8221; background_image_as_pattern=&#8221;without_pattern&#8221; css_animation=&#8221;&#8221;][vc_column][vc_empty_space height=&#8221;40px&#8221;][\/vc_column][\/vc_row][vc_row row_type=&#8221;row&#8221; use_row_as_full_screen_section=&#8221;no&#8221; type=&#8221;full_width&#8221; angled_section=&#8221;no&#8221; text_align=&#8221;left&#8221; background_image_as_pattern=&#8221;without_pattern&#8221; css_animation=&#8221;&#8221;][vc_column width=&#8221;2\/3&#8243;]<div role=\"form\" class=\"wpcf7\" id=\"wpcf7-f16986-o1\" lang=\"it-IT\" dir=\"ltr\">\n<div class=\"screen-reader-response\"><\/div>\n<form action=\"\/malcesine\/wp-json\/wp\/v2\/pages\/16891#wpcf7-f16986-o1\" method=\"post\" class=\"wpcf7-form default\" novalidate=\"novalidate\">\n<div style=\"display: none;\">\n<input type=\"hidden\" name=\"_wpcf7\" value=\"16986\" \/>\n<input type=\"hidden\" name=\"_wpcf7_version\" value=\"5.0.2\" \/>\n<input type=\"hidden\" name=\"_wpcf7_locale\" value=\"it_IT\" \/>\n<input type=\"hidden\" name=\"_wpcf7_unit_tag\" value=\"wpcf7-f16986-o1\" \/>\n<input type=\"hidden\" name=\"_wpcf7_container_post\" value=\"0\" \/>\n<\/div>\n<p><b> 1 AUSW\u00c4HLEN<\/b><\/p>\n<p>Geben Sie Ihre Ausr\u00fcstung an: <span class=\"wpcf7-form-control-wrap equipaggiamento\"><select name=\"equipaggiamento\" class=\"wpcf7-form-control wpcf7-select\" aria-invalid=\"false\"><option value=\"\">---<\/option><option value=\"Vorhang\">Vorhang<\/option><option value=\"Wohnwagen\">Wohnwagen<\/option><option value=\"Camper\">Camper<\/option><\/select><\/span><br \/>\nAusgestattete Gr\u00f6\u00dfe: <span class=\"wpcf7-form-control-wrap dimensione-equippagiamento\"><input type=\"text\" name=\"dimensione-equippagiamento\" value=\"\" size=\"40\" class=\"wpcf7-form-control wpcf7-text\" aria-invalid=\"false\" \/><\/span><br \/>\n<br><\/p>\n<p><b> 2 W\u00c4HLEN SIE DEN ZEITRAUM<\/b><\/p>\n<p>Eincheckdatum <span class=\"wpcf7-form-control-wrap data-arrivo\"><input type=\"text\" name=\"data-arrivo\" value=\"\" size=\"40\" class=\"wpcf7-form-control wpcf7-date\" \/> <\/span><\/p>\n<p>Abreisedatum <span class=\"wpcf7-form-control-wrap data-partenza\"><input type=\"text\" name=\"data-partenza\" value=\"\" size=\"40\" class=\"wpcf7-form-control wpcf7-date\" \/> <\/span><\/p>\n<p><b> 3 ANZAHL DER PERSONEN UND TIERE ANGEBEN, FALLS VORHANDEN <\/b><\/p>\n<p>Erwachsene <span class=\"wpcf7-form-control-wrap adulti\"><select name=\"adulti\" class=\"wpcf7-form-control wpcf7-select\" aria-invalid=\"false\"><option value=\"1\">1<\/option><option value=\"2\">2<\/option><option value=\"3\">3<\/option><option value=\"4\">4<\/option><option value=\"5\">5<\/option><option value=\"6\">6<\/option><option value=\"7\">7<\/option><option value=\"8\">8<\/option><option value=\"9\">9<\/option><option value=\"10\">10<\/option><\/select><\/span><\/p>\n<p>Kinder <span class=\"wpcf7-form-control-wrap bambini\"><select name=\"bambini\" class=\"wpcf7-form-control wpcf7-select\" aria-invalid=\"false\"><option value=\"\">---<\/option><option value=\"1\">1<\/option><option value=\"2\">2<\/option><option value=\"3\">3<\/option><option value=\"4\">4<\/option><option value=\"5\">5<\/option><option value=\"6\">6<\/option><option value=\"7\">7<\/option><option value=\"8\">8<\/option><option value=\"9\">9<\/option><option value=\"10\">10<\/option><\/select><\/span><br \/>\nJahre Kinder <span class=\"wpcf7-form-control-wrap anni-bambini\"><input type=\"text\" name=\"anni-bambini\" value=\"\" size=\"40\" class=\"wpcf7-form-control wpcf7-text\" aria-invalid=\"false\" \/><\/span><\/p>\n<p>Tiere  <span class=\"wpcf7-form-control-wrap animali\"><select name=\"animali\" class=\"wpcf7-form-control wpcf7-select\" aria-invalid=\"false\"><option value=\"\">---<\/option><option value=\"Hund\">Hund<\/option><option value=\"Katze\">Katze<\/option><\/select><\/span><\/p>\n<p><b> 4 PERS\u00d6NLICHE KONTAKTDATEN<\/b><\/p>\n<p><label> Ihren Namen (richiesto)<br \/>\n    <span class=\"wpcf7-form-control-wrap your-name\"><input type=\"text\" name=\"your-name\" value=\"\" size=\"40\" class=\"wpcf7-form-control wpcf7-text wpcf7-validates-as-required\" aria-required=\"true\" aria-invalid=\"false\" \/><\/span> <\/label><\/p>\n<p><label> Email (richiesto)<br \/>\n    <span class=\"wpcf7-form-control-wrap your-email\"><input type=\"email\" name=\"your-email\" value=\"\" size=\"40\" class=\"wpcf7-form-control wpcf7-text wpcf7-email wpcf7-validates-as-required wpcf7-validates-as-email\" aria-required=\"true\" aria-invalid=\"false\" \/><\/span> <\/label><\/p>\n<p><label> Telefon (richiesto)<br \/>\n    <span class=\"wpcf7-form-control-wrap telefono\"><input type=\"text\" name=\"telefono\" value=\"\" size=\"40\" class=\"wpcf7-form-control wpcf7-text wpcf7-validates-as-required\" aria-required=\"true\" aria-invalid=\"false\" \/><\/span> <\/label><\/p>\n<p><label> Geben Sie alle Bed\u00fcrfnisse f\u00fcr Ihren Aufenthalt an<br \/>\n    <span class=\"wpcf7-form-control-wrap your-message\"><textarea name=\"your-message\" cols=\"40\" rows=\"10\" class=\"wpcf7-form-control wpcf7-textarea\" aria-invalid=\"false\"><\/textarea><\/span> <\/label><\/p>\n<p><input type=\"submit\" value=\"Invia\" class=\"wpcf7-form-control wpcf7-submit\" \/><\/p>\n<div class=\"wpcf7-response-output wpcf7-display-none\"><\/div><\/form><\/div>[vc_empty_space height=&#8221;40px&#8221;][\/vc_column][vc_column width=&#8221;1\/3&#8243;][vc_column_text]Buchungsbestimmungen<\/p>\n<p>Um die Reservierung zu best\u00e4tigen, ist eine Anzahlung von 100 \u20ac pro Woche erforderlich.<\/p>\n<p>Die Kaution muss auf ein Bankkonto mit folgendem Namen \u00fcberwiesen werden:<\/p>\n<p>Camping Claudia di Lombardi Luciano und C snc<br \/>\n\u00fcber Gardesana 394<br \/>\n37018 Malcesine &#8211; VR<br \/>\nBei<br \/>\nCassa Rurale Alto Garda<br \/>\nIBAN: IT28B0801659551000018378907<br \/>\nBic: CCRTIT2T04A<br \/>\nGeben Sie an: Vorname, Nachname, Ankunfts- und Abreisedatum.<\/p>\n<p>Die Nichtzahlung der Anzahlung innerhalb der von der Direktion verlangten Frist gilt als Stornierung der Reservierung.<\/p>\n<p>Bei versp\u00e4teter Ankunft muss rechtzeitig Bescheid gegeben werden.<br \/>\nDie Campingplatzleitung stellt die Verf\u00fcgbarkeit des reservierten Stellplatzes bis 23.00 Uhr am Tag der voraussichtlichen Anreise sicher. Nach dieser Zeit ist der Campingplatz von jeglicher Verpflichtung gegen\u00fcber dem Kunden f\u00fcr \u201eNichterscheinen\u201c befreit und die Anzahlung verbleibt zugunsten des Campingplatzes.<\/p>\n<p>Der Stellplatz wird von der Direktion zugeteilt, ohne dass es zu Beanstandungen oder Schadensersatzanspr\u00fcchen kommt.<br \/>\nEs ist jedoch die Verpflichtung des Managements, zu versuchen, den Stellplatz in der gew\u00fcnschten Gegend zu buchen, je nach Verf\u00fcgbarkeit des Zeitraums.<\/p>\n<p>Wird die Reservierung nicht durch eine Anzahlung garantiert, sondern von der Direktion akzeptiert, gilt sie bis 15.00 Uhr am Tag der voraussichtlichen Anreise.<\/p>\n<p>Der Restbetrag des Aufenthalts muss sp\u00e4testens 1 Tag vor Abreise erfolgen.[\/vc_column_text][vc_empty_space][vc_column_text]Stornierung<\/p>\n<p>Die K\u00fcndigung muss immer schriftlich per E-Mail erfolgen.<\/p>\n<p>Dem Kunden, der innerhalb von 30 Tagen vor dem voraussichtlichen Ankunftsdatum vom Vertrag zur\u00fccktritt, wird die Anzahlung in voller H\u00f6he ohne 10 \u20ac zur\u00fcckerstattet<br \/>\nf\u00fcr B\u00fcrokosten einbehalten.<\/p>\n<p>Dem Kunden, der nach 30 Tagen, sp\u00e4testens jedoch 15 Tage vor dem voraussichtlichen Ankunftstag, vom Vertrag zur\u00fccktritt, werden 50 % der Anzahlung zur\u00fcckerstattet.<\/p>\n<p>Der Kunde, der 14 Tage vor dem voraussichtlichen Ankunftsdatum vom Vertrag zur\u00fccktritt, erh\u00e4lt KEINE Anzahlung zur\u00fcck, muss aber die Stornierung per E-Mail mitteilen.<\/p>\n<p>Der gesamte gebuchte und best\u00e4tigte Zeitraum wird voll verrechnet und muss auch bei versp\u00e4teter Anreise oder vorzeitiger Abreise bezahlt werden.[\/vc_column_text][\/vc_column][\/vc_row]<\/p>\n","protected":false},"excerpt":{"rendered":"<p>[vc_row row_type=&#8221;row&#8221; use_row_as_full_screen_section=&#8221;no&#8221; type=&#8221;full_width&#8221; angled_section=&#8221;no&#8221; text_align=&#8221;left&#8221; background_image_as_pattern=&#8221;without_pattern&#8221; css_animation=&#8221;&#8221;][vc_column][vc_empty_space height=&#8221;40px&#8221;][\/vc_column][\/vc_row][vc_row row_type=&#8221;row&#8221; use_row_as_full_screen_section=&#8221;no&#8221; type=&#8221;full_width&#8221; angled_section=&#8221;no&#8221; text_align=&#8221;left&#8221; background_image_as_pattern=&#8221;without_pattern&#8221; css_animation=&#8221;&#8221;][vc_column width=&#8221;2\/3&#8243;][vc_empty_space height=&#8221;40px&#8221;][\/vc_column][vc_column width=&#8221;1\/3&#8243;][vc_column_text]Buchungsbestimmungen Um die Reservierung zu best\u00e4tigen, ist eine Anzahlung von 100 \u20ac pro Woche erforderlich. Die Kaution muss auf ein Bankkonto mit folgendem Namen \u00fcberwiesen werden: Camping&#8230;<\/p>\n","protected":false},"author":1,"featured_media":0,"parent":0,"menu_order":0,"comment_status":"closed","ping_status":"closed","template":"","meta":{"footnotes":""},"_links":{"self":[{"href":"https:\/\/www.campingclaudia.it\/malcesine\/wp-json\/wp\/v2\/pages\/16891"}],"collection":[{"href":"https:\/\/www.campingclaudia.it\/malcesine\/wp-json\/wp\/v2\/pages"}],"about":[{"href":"https:\/\/www.campingclaudia.it\/malcesine\/wp-json\/wp\/v2\/types\/page"}],"author":[{"embeddable":true,"href":"https:\/\/www.campingclaudia.it\/malcesine\/wp-json\/wp\/v2\/users\/1"}],"replies":[{"embeddable":true,"href":"https:\/\/www.campingclaudia.it\/malcesine\/wp-json\/wp\/v2\/comments?post=16891"}],"version-history":[{"count":2,"href":"https:\/\/www.campingclaudia.it\/malcesine\/wp-json\/wp\/v2\/pages\/16891\/revisions"}],"predecessor-version":[{"id":16988,"href":"https:\/\/www.campingclaudia.it\/malcesine\/wp-json\/wp\/v2\/pages\/16891\/revisions\/16988"}],"wp:attachment":[{"href":"https:\/\/www.campingclaudia.it\/malcesine\/wp-json\/wp\/v2\/media?parent=16891"}],"curies":[{"name":"wp","href":"https:\/\/api.w.org\/{rel}","templated":true}]}}